
{"id":16500,"date":"2023-03-24T16:06:21","date_gmt":"2023-03-24T15:06:21","guid":{"rendered":"https:\/\/igi.akrolab.fr\/management-constitutionnel\/transformation-aux-6-territoires\/"},"modified":"2024-01-01T01:27:11","modified_gmt":"2024-01-01T00:27:11","slug":"6-territories-transformation","status":"publish","type":"page","link":"https:\/\/igi.akrolab.fr\/en\/constitutional-management\/6-territories-transformation\/","title":{"rendered":"6 territories Transformation"},"content":{"rendered":"\n<p><\/p>\n\n\n\n<p>Si l\u2019on repr\u00e9sente de fa\u00e7on syst\u00e9mique une <a href=\"https:\/\/www.beaboss.fr\/Thematique\/rh-management-1026\/Breves\/Tribune-organisations-ont-elles-vraiment-besoin-chefs-346898.htm\">organisation<\/a>, il y a deux niveaux : ce qui est visible et ce que nous ne voyons pas. L\u2019invisible est d\u2019ailleurs plus puissant que le visible comme nous avons vu avec les <a href=\"https:\/\/www.forbes.fr\/management\/sortir-de-nos-croyances-limitantes\/\">croyances limitantes<\/a>. Il y a \u00e9galement trois syst\u00e8mes : individuel, <a href=\"https:\/\/www.lesechos.fr\/idees-debats\/leadership-management\/lintelligence-collective-une-fausse-bonne-idee-1245127\">collectif<\/a> et celui de <a href=\"https:\/\/www.forbes.fr\/management\/le-mirage-de-l-entreprise-liberee\/\">l\u2019entreprise<\/a>.<\/p>\n\n\n\n<figure class=\"wp-block-image size-full\"><img loading=\"lazy\" decoding=\"async\" width=\"1024\" height=\"768\" src=\"https:\/\/igi.akrolab.fr\/content\/uploads\/2023\/01\/Session-0_e-FP_202301-v5.6.001.jpeg\" alt=\"\" class=\"wp-image-7355\" srcset=\"https:\/\/igi.akrolab.fr\/content\/uploads\/2023\/01\/Session-0_e-FP_202301-v5.6.001.jpeg 1024w, https:\/\/igi.akrolab.fr\/content\/uploads\/2023\/01\/Session-0_e-FP_202301-v5.6.001-300x225.jpeg 300w, https:\/\/igi.akrolab.fr\/content\/uploads\/2023\/01\/Session-0_e-FP_202301-v5.6.001-768x576.jpeg 768w\" sizes=\"(max-width: 1024px) 100vw, 1024px\" \/><\/figure>\n\n\n\n<h2 class=\"wp-block-heading\"><strong>Syst\u00e8me individuel<\/strong><\/h2>\n\n\n\n<p>L\u2019individu, chaque <a href=\"https:\/\/www.youtube.com\/watch?v=fH3BFAYutrk\">collaborateur<\/a>, a des <a href=\"https:\/\/www.youtube.com\/watch?v=fa117KG20yU\">comportements visibles<\/a>, qui ne sont pas son <a href=\"https:\/\/www.forbes.fr\/management\/self-management-la-crise-didentite-du-collaborateur\/\">identit\u00e9<\/a>. C\u2019est ce que nous pouvons observer chez les personnes.&nbsp;<\/p>\n\n\n\n<p>Dans le monde de l\u2019invisible, <a href=\"https:\/\/www.forbes.fr\/management\/la-dimension-humaine-de-lholacratie\/\">l\u2019individu a \u00e9galement des ressentis<\/a>, non exprim\u00e9s dans certains contextes et notamment dans les organisations. Il a \u00e9galement des <a href=\"https:\/\/www.youtube.com\/watch?v=4V1beww8fzM\">croyances<\/a> ; certaines sont inconscientes et <a href=\"https:\/\/www.forbes.fr\/management\/des-limites-de-lholacratie-nait-le-management-constitutionnel\/\">limitantes<\/a>, d\u2019o\u00f9 le besoin de travailler dessus avec une personne externe pour certains (th\u00e9rapeute, psychologue, etc.). En plus de ces croyances, viennent les tensions, \u00e9carts entre la r\u00e9alit\u00e9 qu\u2019il vit et le <a href=\"https:\/\/www.latribune.fr\/opinions\/tribunes\/la-raison-d-etre-doit-etre-incarnee-pour-veritablement-s-exprimer-915752.html\">potentiel et des inspirations<\/a>, ce \u00e0 quoi l\u2019individu aspire au plus profond de lui-m\u00eame. Les tensions peuvent \u00eatre de diff\u00e9rentes natures : les tensions personnelles, qui n\u2019ont rien \u00e0 voir avec l\u2019organisation, les tensions interpersonnelles qui sont li\u00e9es au syst\u00e8me collectif et enfin, les tensions organisationnelles, qui sont aliment\u00e9es par les r\u00f4les que j\u2019incarne, pour le compte de l&#8217;entreprise. Ces derni\u00e8res sont celles qui nous int\u00e9ressent car elles permettent \u00e0 l\u2019organisation d\u2019\u00e9voluer.<\/p>\n\n\n\n<h2 class=\"wp-block-heading\"><strong>Syst\u00e8me collectif<\/strong><\/h2>\n\n\n\n<p>Le <a href=\"https:\/\/www.hbrfrance.fr\/chroniques-experts\/2019\/03\/24863-pourquoi-lintelligence-collective-ne-suffit-pas\/\">collectif<\/a> est le deuxi\u00e8me syst\u00e8me, le corps social, le \u201cnous\u201d, avec des rituels, des relations entre les individus visibles.&nbsp;<\/p>\n\n\n\n<p>Dans l\u2019invisible, nous retrouvons les <a href=\"https:\/\/www.hbrfrance.fr\/chroniques-experts\/2019\/03\/24863-pourquoi-lintelligence-collective-ne-suffit-pas\/\">croyances collectives<\/a>, qui rassemblent des individus dot\u00e9s des m\u00eames croyances, dont certaines peuvent \u00eatre <a href=\"https:\/\/www.forbes.fr\/management\/des-limites-de-lholacratie-nait-le-management-constitutionnel\/\">limitantes<\/a> : \u201con ne peut pas faire confiance aux \u00eatres humains\u201d, \u201cles <a href=\"https:\/\/www.hbrfrance.fr\/chroniques-experts\/2021\/04\/35380-le-self-management-passe-par-lexcellence-manageriale\/\">managers<\/a> ne veulent pas l\u00e2cher le <a href=\"https:\/\/www.youtube.com\/watch?v=NJn4UhYWWUg\">pouvoir<\/a>\u201d, \u201c<a href=\"https:\/\/www.cadre-dirigeant-magazine.com\/reussir-en-entreprise\/cessez-detre-gentils-et-soyez-vrais\/\">chez nous, les gens sont gentils<\/a>\u201d, \u201cil faut travailler autant que le dirigeant\u201d, \u201con ne peut pas livrer ses \u00e9motions en entreprise\u201d, etc. Tous les \u00eatres humains ont des croyances limitantes. Celles-ci ne sont rien d\u2019autre qu\u2019une construction mentale, des pr\u00e9suppos\u00e9s inconscients ; qui ont un impact fort sur notre fa\u00e7on de penser et d\u2019agir. Elles deviennent des freins \u00e0 la transformation lorsqu\u2019elles sont limitantes, c\u2019est-\u00e0-dire qu\u2019elles font partie de l\u2019identit\u00e9 m\u00eame du corps social de l\u2019organisation, elle-m\u00eame inspir\u00e9es par la personne Source, le fondateur, ou l\u2019historique de l\u2019entreprise. Il est donc n\u00e9cessaire de les identifier et de les d\u00e9passer au plus t\u00f4t pour ne pas \u201cnager \u00e0 contre-courant\u201d du processus de responsabilisation de la transformation.Il y a aussi les <a href=\"https:\/\/www.ekopo.fr\/Thematique\/entreprises-1285\/Breves\/Creation-valeur-createurs-valeurs-354818.htm\">valeurs<\/a>, la <a href=\"https:\/\/www.contrepoints.org\/2021\/03\/24\/393786-la-structure-cree-la-culture-dentreprise\">culture d\u2019entreprise<\/a>, souvent implicites donc invisibles. Incarn\u00e9es par la personne Source, le fondateur, les valeurs et la culture font parties du corps social de l\u2019entreprise, des besoins sociaux. Au d\u00e9but de la transformation, ce sont des sujets \u00e0 aborder et int\u00e9grer en les encodant de fa\u00e7on explicite pour \u00e9viter de perdre cet aspect important de l\u2019entreprise.<\/p>\n\n\n\n<figure class=\"wp-block-embed is-type-video is-provider-youtube wp-block-embed-youtube wp-embed-aspect-16-9 wp-has-aspect-ratio\"><div class=\"wp-block-embed__wrapper\">\n<iframe loading=\"lazy\" title=\"Sortir de nos croyances limitantes - Bernard Marie Chiquet\" width=\"500\" height=\"281\" src=\"https:\/\/www.youtube.com\/embed\/4V1beww8fzM?feature=oembed\" frameborder=\"0\" allow=\"accelerometer; autoplay; clipboard-write; encrypted-media; gyroscope; picture-in-picture; web-share\" allowfullscreen><\/iframe>\n<\/div><\/figure>\n\n\n\n<h2 class=\"wp-block-heading\"><strong>Syst\u00e8me de l\u2019entreprise<\/strong><\/h2>\n\n\n\n<p>L\u2019entreprise est un <a href=\"https:\/\/www.ouishare.net\/article\/lholacratie-decryptee-entretien-avec-bernard-marie-chiquet\">\u00eatre vivant dot\u00e9 de sa propre identit\u00e9<\/a>, un troisi\u00e8me syst\u00e8me, non humain, diff\u00e9rent de l\u2019individu et du collectif. D\u2019ailleurs, ne dit-on pas que c\u2019est une personne morale.<\/p>\n\n\n\n<p>La partie visible de l\u2019entreprise, si vous adoptez le moteur Holacracy, c&#8217;est sa structure, les <a href=\"https:\/\/www.youtube.com\/watch?v=2VT462jCqjw\">r\u00f4les<\/a> et les <a href=\"https:\/\/www.youtube.com\/watch?v=DZm-cVzfrHc\">cercles<\/a> qui la composent, les relations entre ses <a href=\"https:\/\/www.youtube.com\/watch?v=_lx5RguOEA8\">r\u00f4les<\/a> et ses cercles.L\u2019invisible contient <a href=\"https:\/\/www.forbes.fr\/entrepreneurs\/la-puissance-des-principes-source\/\">la Source<\/a>, <a href=\"https:\/\/www.ekopo.fr\/Thematique\/entreprises-1285\/Breves\/Creation-valeur-createurs-valeurs-354818.htm\">l\u2019\u00e9nergie cr\u00e9atrice de l\u2019entreprise<\/a>, la <a href=\"https:\/\/www.hbrfrance.fr\/chroniques-experts\/2021\/03\/33971-pour-etre-creatrice-de-valeurs-la-raison-detre-doit-etre-fractale\/\">raison d\u2019\u00eatre \u00e9volutionnaire<\/a>, le potentiel de <a href=\"https:\/\/www.hbrfrance.fr\/chroniques-experts\/2020\/11\/32373-comment-concevoir-une-organisation-creatrice-de-valeur\/\">cr\u00e9ation de valeurs<\/a>. Cette <a href=\"https:\/\/www.youtube.com\/watch?v=FFXzPcNOAro\">Source<\/a>, origine de l\u2019entreprise, s\u2019incarne le plus souvent \u00e0 travers son fondateur en lui donnant de l\u2019\u00e9nergie, la Source globale qui, par un jeu de d\u00e9l\u00e9gation va se transmettre \u00e0 toutes les Sources sp\u00e9cifiques, c\u2019est-\u00e0-dire tous les individus affect\u00e9s \u00e0 des r\u00f4les.<\/p>\n\n\n\n<h2 class=\"wp-block-heading\">Conclusion<\/h2>\n\n\n\n<p>Dans le cadre d\u2019une <a href=\"https:\/\/www.usinenouvelle.com\/article\/tribune-chiquet-comment-rater-la-transformation-de-votre-entreprise-4-conseils-simples.N711694\">transformation d\u2019organisation<\/a>, il convient de prendre en compte ces <a href=\"https:\/\/www.forbes.fr\/management\/des-limites-de-lholacratie-nait-le-management-constitutionnel\/\">6 territoires<\/a> et de travailler surtout sur l\u2019invisible qui est toujours plus puissant que le visible. Avoir conscience de ces 3 espaces et 6 territoires permet de mieux les prendre en compte.<\/p>\n","protected":false},"excerpt":{"rendered":"<p>Si l\u2019on repr\u00e9sente de fa\u00e7on syst\u00e9mique une organisation, il y a deux niveaux : ce qui est visible et ce que nous ne voyons pas. L\u2019invisible est d\u2019ailleurs plus puissant que le visible comme nous avons vu avec les croyances limitantes. Il y a \u00e9galement trois syst\u00e8mes : individuel, collectif et celui de l\u2019entreprise. Syst\u00e8me [&hellip;]<\/p>\n","protected":false},"author":2,"featured_media":13981,"parent":16435,"menu_order":0,"comment_status":"closed","ping_status":"closed","template":"","meta":{"footnotes":""},"acf":[],"yoast_head":"<!-- This site is optimized with the Yoast SEO plugin v19.14 - https:\/\/yoast.com\/wordpress\/plugins\/seo\/ -->\n<title>6 territories Transformation | Nova Consul<\/title>\n<meta name=\"robots\" content=\"noindex, follow, max-snippet:-1, max-image-preview:large, max-video-preview:-1\" \/>\n<meta property=\"og:locale\" content=\"en_US\" \/>\n<meta property=\"og:type\" content=\"article\" \/>\n<meta property=\"og:title\" content=\"6 territories Transformation | Nova Consul\" \/>\n<meta property=\"og:description\" content=\"Si l\u2019on repr\u00e9sente de fa\u00e7on syst\u00e9mique une organisation, il y a deux niveaux : ce qui est visible et ce que nous ne voyons pas. L\u2019invisible est d\u2019ailleurs plus puissant que le visible comme nous avons vu avec les croyances limitantes. Il y a \u00e9galement trois syst\u00e8mes : individuel, collectif et celui de l\u2019entreprise. Syst\u00e8me [&hellip;]\" \/>\n<meta property=\"og:url\" content=\"https:\/\/igi.akrolab.fr\/en\/constitutional-management\/6-territories-transformation\/\" \/>\n<meta property=\"og:site_name\" content=\"Nova Consul\" \/>\n<meta property=\"article:modified_time\" content=\"2024-01-01T00:27:11+00:00\" \/>\n<meta property=\"og:image\" content=\"https:\/\/igi.akrolab.fr\/content\/uploads\/2023\/01\/Session-0_e-FP_202301-v5.6.001.jpeg\" \/>\n<meta name=\"twitter:card\" content=\"summary_large_image\" \/>\n<meta name=\"twitter:label1\" content=\"Est. reading time\" \/>\n\t<meta name=\"twitter:data1\" content=\"4 minutes\" \/>\n<script type=\"application\/ld+json\" class=\"yoast-schema-graph\">{\"@context\":\"https:\/\/schema.org\",\"@graph\":[{\"@type\":\"WebPage\",\"@id\":\"https:\/\/igi.akrolab.fr\/en\/constitutional-management\/6-territories-transformation\/\",\"url\":\"https:\/\/igi.akrolab.fr\/en\/constitutional-management\/6-territories-transformation\/\",\"name\":\"6 territories Transformation | Nova Consul\",\"isPartOf\":{\"@id\":\"https:\/\/igi.akrolab.fr\/en\/#website\"},\"datePublished\":\"2023-03-24T15:06:21+00:00\",\"dateModified\":\"2024-01-01T00:27:11+00:00\",\"breadcrumb\":{\"@id\":\"https:\/\/igi.akrolab.fr\/en\/constitutional-management\/6-territories-transformation\/#breadcrumb\"},\"inLanguage\":\"en-US\",\"potentialAction\":[{\"@type\":\"ReadAction\",\"target\":[\"https:\/\/igi.akrolab.fr\/en\/constitutional-management\/6-territories-transformation\/\"]}]},{\"@type\":\"BreadcrumbList\",\"@id\":\"https:\/\/igi.akrolab.fr\/en\/constitutional-management\/6-territories-transformation\/#breadcrumb\",\"itemListElement\":[{\"@type\":\"ListItem\",\"position\":1,\"name\":\"Home\",\"item\":\"https:\/\/igi.akrolab.fr\/en\/\"},{\"@type\":\"ListItem\",\"position\":2,\"name\":\"Constitutional Management\",\"item\":\"https:\/\/igi.akrolab.fr\/en\/constitutional-management\/\"},{\"@type\":\"ListItem\",\"position\":3,\"name\":\"6 territories Transformation\"}]},{\"@type\":\"WebSite\",\"@id\":\"https:\/\/igi.akrolab.fr\/en\/#website\",\"url\":\"https:\/\/igi.akrolab.fr\/en\/\",\"name\":\"Nova Consul\",\"description\":\"Institut de recherche et de pratique en management\",\"potentialAction\":[{\"@type\":\"SearchAction\",\"target\":{\"@type\":\"EntryPoint\",\"urlTemplate\":\"https:\/\/igi.akrolab.fr\/en\/?s={search_term_string}\"},\"query-input\":\"required name=search_term_string\"}],\"inLanguage\":\"en-US\"}]}<\/script>\n<!-- \/ Yoast SEO plugin. -->","yoast_head_json":{"title":"6 territories Transformation | Nova Consul","robots":{"index":"noindex","follow":"follow","max-snippet":"max-snippet:-1","max-image-preview":"max-image-preview:large","max-video-preview":"max-video-preview:-1"},"og_locale":"en_US","og_type":"article","og_title":"6 territories Transformation | Nova Consul","og_description":"Si l\u2019on repr\u00e9sente de fa\u00e7on syst\u00e9mique une organisation, il y a deux niveaux : ce qui est visible et ce que nous ne voyons pas. L\u2019invisible est d\u2019ailleurs plus puissant que le visible comme nous avons vu avec les croyances limitantes. Il y a \u00e9galement trois syst\u00e8mes : individuel, collectif et celui de l\u2019entreprise. Syst\u00e8me [&hellip;]","og_url":"https:\/\/igi.akrolab.fr\/en\/constitutional-management\/6-territories-transformation\/","og_site_name":"Nova Consul","article_modified_time":"2024-01-01T00:27:11+00:00","og_image":[{"url":"https:\/\/igi.akrolab.fr\/content\/uploads\/2023\/01\/Session-0_e-FP_202301-v5.6.001.jpeg"}],"twitter_card":"summary_large_image","twitter_misc":{"Est. reading time":"4 minutes"},"schema":{"@context":"https:\/\/schema.org","@graph":[{"@type":"WebPage","@id":"https:\/\/igi.akrolab.fr\/en\/constitutional-management\/6-territories-transformation\/","url":"https:\/\/igi.akrolab.fr\/en\/constitutional-management\/6-territories-transformation\/","name":"6 territories Transformation | Nova Consul","isPartOf":{"@id":"https:\/\/igi.akrolab.fr\/en\/#website"},"datePublished":"2023-03-24T15:06:21+00:00","dateModified":"2024-01-01T00:27:11+00:00","breadcrumb":{"@id":"https:\/\/igi.akrolab.fr\/en\/constitutional-management\/6-territories-transformation\/#breadcrumb"},"inLanguage":"en-US","potentialAction":[{"@type":"ReadAction","target":["https:\/\/igi.akrolab.fr\/en\/constitutional-management\/6-territories-transformation\/"]}]},{"@type":"BreadcrumbList","@id":"https:\/\/igi.akrolab.fr\/en\/constitutional-management\/6-territories-transformation\/#breadcrumb","itemListElement":[{"@type":"ListItem","position":1,"name":"Home","item":"https:\/\/igi.akrolab.fr\/en\/"},{"@type":"ListItem","position":2,"name":"Constitutional Management","item":"https:\/\/igi.akrolab.fr\/en\/constitutional-management\/"},{"@type":"ListItem","position":3,"name":"6 territories Transformation"}]},{"@type":"WebSite","@id":"https:\/\/igi.akrolab.fr\/en\/#website","url":"https:\/\/igi.akrolab.fr\/en\/","name":"Nova Consul","description":"Institut de recherche et de pratique en management","potentialAction":[{"@type":"SearchAction","target":{"@type":"EntryPoint","urlTemplate":"https:\/\/igi.akrolab.fr\/en\/?s={search_term_string}"},"query-input":"required name=search_term_string"}],"inLanguage":"en-US"}]}},"_links":{"self":[{"href":"https:\/\/igi.akrolab.fr\/en\/wp-json\/wp\/v2\/pages\/16500"}],"collection":[{"href":"https:\/\/igi.akrolab.fr\/en\/wp-json\/wp\/v2\/pages"}],"about":[{"href":"https:\/\/igi.akrolab.fr\/en\/wp-json\/wp\/v2\/types\/page"}],"author":[{"embeddable":true,"href":"https:\/\/igi.akrolab.fr\/en\/wp-json\/wp\/v2\/users\/2"}],"replies":[{"embeddable":true,"href":"https:\/\/igi.akrolab.fr\/en\/wp-json\/wp\/v2\/comments?post=16500"}],"version-history":[{"count":3,"href":"https:\/\/igi.akrolab.fr\/en\/wp-json\/wp\/v2\/pages\/16500\/revisions"}],"predecessor-version":[{"id":16721,"href":"https:\/\/igi.akrolab.fr\/en\/wp-json\/wp\/v2\/pages\/16500\/revisions\/16721"}],"up":[{"embeddable":true,"href":"https:\/\/igi.akrolab.fr\/en\/wp-json\/wp\/v2\/pages\/16435"}],"wp:featuredmedia":[{"embeddable":true,"href":"https:\/\/igi.akrolab.fr\/en\/wp-json\/wp\/v2\/media\/13981"}],"wp:attachment":[{"href":"https:\/\/igi.akrolab.fr\/en\/wp-json\/wp\/v2\/media?parent=16500"}],"curies":[{"name":"wp","href":"https:\/\/api.w.org\/{rel}","templated":true}]}}